{"id":12,"date":"2025-03-24T10:30:20","date_gmt":"2025-03-24T10:30:20","guid":{"rendered":"https:\/\/ostedeich.de\/cux_du\/?page_id=12"},"modified":"2025-05-20T19:47:27","modified_gmt":"2025-05-20T19:47:27","slug":"maike-thamsen","status":"publish","type":"page","link":"https:\/\/cux-du.art\/?page_id=12","title":{"rendered":"Maike Thamsen"},"content":{"rendered":"\n<p class=\"has-text-color has-background has-link-color wp-elements-e349fbeca7eda165562a82dcaa705094\" style=\"color:#f9f9f9;background-color:#282c2d;font-size:18px;font-style:normal;font-weight:400;letter-spacing:1.1px\"><br>Maike Thamsen, Jahrgang 62, kam erst im Alter von 56 Jahren zur Malerei. In einer depressiven Phase, ausgel\u00f6st durch ihre zunehmende, nicht heilbare Erblindung, wurde sie in mehreren Ergotherapie-Sitzungen mit Kreide und Papier zusammen gebracht. Daraus entwickelte sich eine unb\u00e4ndige Leidenschaft, sich durch Bilder auszudr\u00fccken. Nach Arbeiten mit Pastellkreide folgte das Entdecken anderer Farben und Materialien. Viele ihrer Werke sind in Acryl gemalt, &#8211; aber auch mit \u00d6lfarbe und verschiedenen Mischtechniken wie Collagen, Spachtel oder der Verwendung von Gitarrensaiten arbeitet sie heute.<\/p>\n\n\n\n<p class=\"has-text-color has-background has-link-color wp-elements-8b9280e1bea0f054f683940825e2f28a\" style=\"color:#f9f9f9;background-color:#282c2d;font-size:18px;letter-spacing:1px\">Viele Betrachter ihrer Bilder staunen \u00fcber die unglaublichen Fortschritte ihrer Kunst, obwohl sie sich ausschlie\u00dflich autodidaktisch den Zugang zur Malerei erarbeitet hat. Sie selbst vermutet dahinter das genetische Erbe ihres Urgro\u00dfvaters Lauritz Thamsen, der als Gastronom und Hobbymaler viele namhafte K\u00fcnstler des vorigen Jahrhunderts beherbergte und mit ihnen ein freundschaftliches Verh\u00e4ltnis pflegte. In seiner Gastronomie \u201eDat swarte Peerd&#8220; im nordfriesischen Bongsiel enstand so die &#8218;Sammlung Thamsen&#8216; mit Werken von Lauritz Thamsen, Emil Nolde, Alexander Eckener, Andreas Dirks, Hans Peter Feddersen und vielen anderen, die ihre Aufenthalte &#8211; auch aus Geldnot &#8211; zum Teil mit ihren Kunstwerken bezahlten.<\/p>\n\n\n\n<p class=\"has-text-color has-background has-link-color wp-elements-6820988b81618d207367094f2bbfc4ac\" style=\"color:#f9f9f9;background-color:#282c2d;font-size:18px;letter-spacing:1px\">Teile der &#8218;Sammlung Thamsen&#8216; geh\u00f6ren dem Nordfriesischen Museum, Husum, andere Bilder sind in Privatbesitz, u.a. der Familie Thamsen.<\/p>\n\n\n\n<p class=\"has-text-color has-background has-link-color wp-elements-5c031e40c326ba42a5055461563cc5c3\" style=\"color:#f9f9f9;background-color:#282c2d;font-size:18px;letter-spacing:1px\">Bei Maike Thamsen f\u00fchrt die fortschreitende Erblindung, neben einem kompletten Sehverlust auf einem Auge und lediglich einem Gesichtsfeld von etwa 25% auf dem anderen, zu einer etwas seltsamen Methodik beim Malen: Da sie die Bilder nicht in ihrer Gesamtheit erfassen kann, fotografiert sie die werdenden Werke, um dann auf dem kleinen Bildschirm das gesamte Gem\u00e4lde betrachten zu k\u00f6nnen. Dies f\u00fchrt zum Einen zu einer \u00fcberraschenden Detailgenauigkeit, zum Anderen zu einer sehr farbenfrohen Ausdeutung ihrer Subjekte.<\/p>\n\n\n\n<p class=\"has-text-color has-background has-link-color wp-elements-eff7b8e0292987c2f41f389b2c7badf6\" style=\"color:#f9f9f9;background-color:#282c2d;font-size:18px;letter-spacing:1px\">Schwerpunkt ihrer Arbeit sind die Themen &#8218;Augen&#8216; und &#8218;Gesichter&#8216;, sicher nicht zuletzt aufgrund ihres eigenen Handikaps. Stilistisch hat Thamsen sich l\u00e4ngst von ihrem Urgro\u00dfvater und anderen Vorbildern gel\u00f6st und ist unaufhaltsam auf dem Weg, ihren pers\u00f6nlichen Stil weiter zu entwickeln. Einen Eindruck ihres Schaffens zeigt der vorliegende Kalender.<\/p>\n\n\n\n<p class=\"has-text-color has-background has-link-color wp-elements-46ecf8ac93b9013604a2a1ed609731ae\" style=\"color:#f9f9f9;background-color:#282c2d;font-size:18px;letter-spacing:1px\">Einige ihrer Bilder sind noch im Original zu erwerben, alle Werke sind auch als Druck auf Papier oder Leinwand erh\u00e4ltlich. Einige Motive k\u00f6nnen auch als Druck auf Stoff zur weiteren Verarbeitung erworben werden.<\/p>\n\n\n\n<p><\/p>\n","protected":false},"excerpt":{"rendered":"<p>Maike Thamsen, Jahrgang 62, kam erst im Alter von 56 Jahren zur Malerei. In einer depressiven Phase, ausgel\u00f6st durch ihre zunehmende, nicht heilbare Erblindung, wurde sie in mehreren Ergotherapie-Sitzungen mit Kreide und Papier zusammen gebracht. Daraus entwickelte sich eine unb\u00e4ndige Leidenschaft, sich durch Bilder auszudr\u00fccken. Nach Arbeiten mit Pastellkreide folgte das Entdecken anderer Farben und&#8230;<\/p>\n","protected":false},"author":1,"featured_media":0,"parent":0,"menu_order":0,"comment_status":"closed","ping_status":"closed","template":"","meta":{"pgc_sgb_lightbox_settings":"","footnotes":""},"class_list":["post-12","page","type-page","status-publish","hentry"],"_links":{"self":[{"href":"https:\/\/cux-du.art\/index.php?rest_route=\/wp\/v2\/pages\/12","targetHints":{"allow":["GET"]}}],"collection":[{"href":"https:\/\/cux-du.art\/index.php?rest_route=\/wp\/v2\/pages"}],"about":[{"href":"https:\/\/cux-du.art\/index.php?rest_route=\/wp\/v2\/types\/page"}],"author":[{"embeddable":true,"href":"https:\/\/cux-du.art\/index.php?rest_route=\/wp\/v2\/users\/1"}],"replies":[{"embeddable":true,"href":"https:\/\/cux-du.art\/index.php?rest_route=%2Fwp%2Fv2%2Fcomments&post=12"}],"version-history":[{"count":10,"href":"https:\/\/cux-du.art\/index.php?rest_route=\/wp\/v2\/pages\/12\/revisions"}],"predecessor-version":[{"id":125,"href":"https:\/\/cux-du.art\/index.php?rest_route=\/wp\/v2\/pages\/12\/revisions\/125"}],"wp:attachment":[{"href":"https:\/\/cux-du.art\/index.php?rest_route=%2Fwp%2Fv2%2Fmedia&parent=12"}],"curies":[{"name":"wp","href":"https:\/\/api.w.org\/{rel}","templated":true}]}}